{"id":6,"date":"2024-01-16T18:05:53","date_gmt":"2024-01-16T11:05:53","guid":{"rendered":"https:\/\/bunchahanoi.vn\/?page_id=6"},"modified":"2025-05-13T18:09:43","modified_gmt":"2025-05-13T11:09:43","slug":"gioi-thieu","status":"publish","type":"page","link":"https:\/\/bunchahanoi.vn\/?page_id=6","title":{"rendered":"Gi\u1edbi thi\u1ec7u"},"content":{"rendered":"\n<p>T\u00ean mi\u1ec1n\u00a0<strong>BunChaHaNoi.vn<\/strong>\u00a0\u0111ang \u0111\u01b0\u1ee3c rao b\u00e1n b\u1edfi\u00a0<strong>TenMienVietNam.com<\/strong>.<\/p>\n\n\n\n<p>Gi\u00e1 b\u00e1n: 30.000.000 VND.<\/p>\n\n\n\n<p>M\u1ecdi th\u00f4ng tin v\u1ec1 t\u00ean mi\u1ec1n n\u00e0y, qu\u00fd kh\u00e1ch vui l\u00f2ng li\u00ean h\u1ec7:<\/p>\n\n\n\n<p><strong>TenMienVietNam.com<\/strong>&nbsp;<strong>\u2013 N\u01a1i th\u01b0\u01a1ng hi\u1ec7u b\u1eaft \u0111\u1ea7u!<\/strong><\/p>\n\n\n\n<p>\u0110\u1ecba ch\u1ec9: Vinhomes Grand Park, Nguy\u1ec5n Xi\u1ec3n, TP Th\u1ee7 \u0110\u1ee9c, TP H\u1ed3 Ch\u00ed Minh<\/p>\n\n\n\n<p>Website: https:\/\/tenmienvietnam.com<\/p>\n\n\n\n<p>Hotline: 0901 486 486<\/p>\n\n\n\n<p>Email: trinhcukien@gmail.com<\/p>\n","protected":false},"excerpt":{"rendered":"<p>T\u00ean mi\u1ec1n\u00a0BunChaHaNoi.vn\u00a0\u0111ang \u0111\u01b0\u1ee3c rao b\u00e1n b\u1edfi\u00a0TenMienVietNam.com. Gi\u00e1 b\u00e1n: 30.000.000 VND. M\u1ecdi th\u00f4ng tin v\u1ec1 t\u00ean mi\u1ec1n n\u00e0y, qu\u00fd kh\u00e1ch vui l\u00f2ng li\u00ean h\u1ec7: TenMienVietNam.com&nbsp;\u2013 N\u01a1i th\u01b0\u01a1ng hi\u1ec7u b\u1eaft \u0111\u1ea7u! \u0110\u1ecba ch\u1ec9: Vinhomes Grand Park, Nguy\u1ec5n Xi\u1ec3n, TP Th\u1ee7 \u0110\u1ee9c, TP H\u1ed3 Ch\u00ed Minh Website: https:\/\/tenmienvietnam.com Hotline: 0901 486 486 Email: trinhcukien@gmail.com<\/p>\n","protected":false},"author":1,"featured_media":0,"parent":0,"menu_order":0,"comment_status":"closed","ping_status":"closed","template":"","meta":{"footnotes":""},"_links":{"self":[{"href":"https:\/\/bunchahanoi.vn\/index.php?rest_route=\/wp\/v2\/pages\/6"}],"collection":[{"href":"https:\/\/bunchahanoi.vn\/index.php?rest_route=\/wp\/v2\/pages"}],"about":[{"href":"https:\/\/bunchahanoi.vn\/index.php?rest_route=\/wp\/v2\/types\/page"}],"author":[{"embeddable":true,"href":"https:\/\/bunchahanoi.vn\/index.php?rest_route=\/wp\/v2\/users\/1"}],"replies":[{"embeddable":true,"href":"https:\/\/bunchahanoi.vn\/index.php?rest_route=%2Fwp%2Fv2%2Fcomments&post=6"}],"version-history":[{"count":4,"href":"https:\/\/bunchahanoi.vn\/index.php?rest_route=\/wp\/v2\/pages\/6\/revisions"}],"predecessor-version":[{"id":51,"href":"https:\/\/bunchahanoi.vn\/index.php?rest_route=\/wp\/v2\/pages\/6\/revisions\/51"}],"wp:attachment":[{"href":"https:\/\/bunchahanoi.vn\/index.php?rest_route=%2Fwp%2Fv2%2Fmedia&parent=6"}],"curies":[{"name":"wp","href":"https:\/\/api.w.org\/{rel}","templated":true}]}}